{"id":32974,"date":"2021-06-16T07:39:18","date_gmt":"2021-06-16T05:39:18","guid":{"rendered":"https:\/\/www.upplevsydafrika.se\/?page_id=32974"},"modified":"2023-09-14T14:51:36","modified_gmt":"2023-09-14T12:51:36","slug":"rovos-rail","status":"publish","type":"page","link":"https:\/\/www.upplevsydafrika.se\/en\/rovos-rail\/","title":{"rendered":"Rovos Rail"},"content":{"rendered":"\n<p>On board the five-star Rovos Rail, one can experience an luxury travel through the spectacular landscape from parts of Zimbabwe, Botswana and South Africa. Join a journey from Victoria Falls to Pretoria, 3 nights and 4 days. The journey begins at the historic Victoria Falls Hotel in Zimbabwe, at Rovos Rail&#8217;s lounge &#8211; with a glass of bubbly. After the train host&#8217;s speech and information about the trip, you will be escorted by a train hostess to your luxurious suite.<\/p>\n\n\n<div class=\"wp-block-lazyblock-upplevspacer lazyblock-upplevspacer-Z16LGgN\"><div class=\"upplev-spacer\">\n\t&nbsp;\n<\/div><\/div>\n\n<div class=\"wp-block-lazyblock-upplevspacer lazyblock-upplevspacer-Z172yYb\"><div class=\"upplev-spacer\">\n\t&nbsp;\n<\/div><\/div>\n\n\n<h2 class=\"wp-block-heading\">About Rovos Rail<\/h2>\n\n\n\n<p><strong>Suite-categories:<\/strong> There are three different suite-categories; The Pullman Suite is the smallest suit with its 7 square meters and private bathroom with shower. During the day, the bed folds into a sofa. The Deluxe Suite is 11 square meters and has in addition to the beds 2 extra seats. The bathroom has a shower. The Royal Suite is the largest suite, 16 square meters and occupies half a carriage and has a small lounge and bathroom with separate shower and bath.<\/p>\n\n\n\n<p>The spacious suites offer passengers the opportunity to travel in privacy, comfort and luxury, with fittings and facilities that are of the highest standard. All are equipped with a writing surface and a personal safe for valuables. There is also a bar fridge filled with beverages of the passengers\u2019 choice and room service is available 24 hours a day.<\/p>\n\n\n\n<p><strong>Cuisine: <\/strong>Meals are served in one sitting only in the charming Victorian atmosphere of the dining cars and are complemented by a selection of fine South African wines. An enthusiastic team of chefs is responsible for overseeing the very important task of ensuring guests\u2019 every need is catered for. There\u2019s an accent on fresh local ingredients and traditional dishes such as game are a specialty. Breakfast is between 07h00 and 10h00, lunch at 13h00, tea at 16h30 and a formal dinner at 19h30. A gong heralds lunch and dinner.<\/p>\n\n\n\n<p><strong>Dress: <\/strong>For days on the train dress is smart casual. Evening attire is more formal \u2013 for the gentlemen a jacket and tie is a minimum requirement while for ladies we suggest cocktail\/evening dresses or suits.<\/p>\n\n\n\n<p><strong>Mobile Devices and Internet: <\/strong>In maintaining the spirit of travel of a bygone era, there are no radios or television sets on board. The use of mobile phones, laptops and essentially anything that has the ability to disturb other passengers is confined to the privacy of your suites only.<\/p>\n\n\n\n<p>Rovos Rail have five different trains which can accommodate a maximum of 74 passengers \/ 36 suites.<\/p>\n\n\n<div class=\"wp-block-lazyblock-upplevspacer lazyblock-upplevspacer-1eL8Ov\"><div class=\"upplev-spacer\">\n\t&nbsp;\n<\/div><\/div>\n\n<div class=\"wp-block-lazyblock-upplevspacer lazyblock-upplevspacer-Z1qn37d\"><div class=\"upplev-spacer\">\n\t&nbsp;\n<\/div><\/div>\n\n\n<h2 class=\"wp-block-heading\">Experience the quality Suites<\/h2>\n\n\n\n<div class=\"alignnormal\"><div id=\"metaslider-id-20006\" style=\"width: 100%;\" class=\"ml-slider-3-108-0 metaslider metaslider-flex metaslider-20006 ml-slider ml-slider-lightbox-1-12-0 lightbox-disabled ms-theme-outline nav-hidden\" role=\"region\" aria-label=\"Rovos_royal\" data-height=\"500\" data-width=\"700\">\n    <div id=\"metaslider_container_20006\">\n        <div id=\"metaslider_20006\">\n            <ul class='slides'>\n                <li style=\"display: block; width: 100%;\" class=\"slide-20007 ms-image \" aria-roledescription=\"slide\" data-date=\"2021-04-03 15:49:25\" data-filename=\"kup2-656x469.jpg\" data-slide-type=\"image\"><a href=\"https:\/\/www.upplevsydafrika.se\/wp-content\/uploads\/2021\/04\/kup2.jpg\" target=\"_self\" aria-label=\"View Slide Details\" class=\"metaslider_image_link\"><img loading=\"lazy\" decoding=\"async\" src=\"https:\/\/www.upplevsydafrika.se\/wp-content\/uploads\/2021\/04\/kup2-656x469.jpg\" height=\"500\" width=\"700\" alt=\"\" class=\"slider-20006 slide-20007 msDefaultImage\" title=\"kup2\" \/><\/a><div class=\"caption-wrap\"><div class=\"caption\"><div>Royal \u00e4r den st\u00f6rsta kup\u00e9typen och \u00e4r hela 16 kvm. Det inneb\u00e4r en halv vagn. Dessutom finns en liten lounge samt badrum med separat dusch och badkar. Foto: Rovos Rail<\/div><\/div><\/div><\/li>\n                <li style=\"display: none; width: 100%;\" class=\"slide-20008 ms-image \" aria-roledescription=\"slide\" data-date=\"2021-04-03 15:49:25\" data-filename=\"kup1-652x466.jpg\" data-slide-type=\"image\"><a href=\"https:\/\/www.upplevsydafrika.se\/wp-content\/uploads\/2021\/04\/kup1.jpg\" target=\"_self\" aria-label=\"View Slide Details\" class=\"metaslider_image_link\"><img loading=\"lazy\" decoding=\"async\" src=\"https:\/\/www.upplevsydafrika.se\/wp-content\/uploads\/2021\/04\/kup1-652x466.jpg\" height=\"500\" width=\"700\" alt=\"\" class=\"slider-20006 slide-20008 msDefaultImage\" title=\"kup1\" \/><\/a><div class=\"caption-wrap\"><div class=\"caption\"><div>Royal \u00e4r den st\u00f6rsta kup\u00e9typen och \u00e4r hela 16 kvm. Det inneb\u00e4r en halv vagn. Dessutom finns en liten lounge samt badrum med separat dusch och badkar. Foto: Rovos Rail<\/div><\/div><\/div><\/li>\n            <\/ul>\n        <\/div>\n        \n    <\/div>\n<\/div><\/div>\n\n\n\n<h2 class=\"wp-block-heading\">Suite-categories: The Royal Suites<\/h2>\n\n\n\n<p>The Royal Suites, each of which take up half a carriage, are spacious and elegant measuring 16 sq metres in size. Each has its own private lounge area and full bathroom with Victorian bath and separate shower. The epitome of luxury with handsome wood panelling and period Edwardian features, the air-conditioned suites accommodate two people offering the option of side-by-side twin or spacious double beds. In the en-suite bathrooms, original fittings combine with the modern technology of hot showers, hair dryers and shaver plugs.<\/p>\n\n\n\n<p><strong>Price exampels:<\/strong> Pretoria to Cape Town in The Royal Sutie cost R53,500 per person sharing. Single supplement 50 % on all suites. Price to 30 September 2022. Tour price per person sharing includes: accommodation, meals and excursions as well as all beverages, including alcohol, while on board.<\/p>\n\n\n<div class=\"wp-block-lazyblock-upplevspacer lazyblock-upplevspacer-2nFFs8\"><div class=\"upplev-spacer\">\n\t&nbsp;\n<\/div><\/div>\n\n\n<div class=\"alignnormal\"><div id=\"metaslider-id-20022\" style=\"width: 100%;\" class=\"ml-slider-3-108-0 metaslider metaslider-flex metaslider-20022 ml-slider ml-slider-lightbox-1-12-0 lightbox-disabled ms-theme-outline nav-hidden nav-hidden\" role=\"region\" aria-label=\"Rovos_Deluxe\" data-height=\"500\" data-width=\"700\">\n    <div id=\"metaslider_container_20022\">\n        <div id=\"metaslider_20022\">\n            <ul class='slides'>\n                <li style=\"display: block; width: 100%;\" class=\"slide-20023 ms-image \" aria-roledescription=\"slide\" data-date=\"2021-04-03 16:17:49\" data-filename=\"rovos_deluxe2-656x469.jpg\" data-slide-type=\"image\"><a href=\"https:\/\/www.upplevsydafrika.se\/wp-content\/uploads\/2021\/04\/rovos_deluxe2.jpg\" target=\"_self\" aria-label=\"View Slide Details\" class=\"metaslider_image_link\"><img loading=\"lazy\" decoding=\"async\" src=\"https:\/\/www.upplevsydafrika.se\/wp-content\/uploads\/2021\/04\/rovos_deluxe2-656x469.jpg\" height=\"500\" width=\"700\" alt=\"\" class=\"slider-20022 slide-20023 msDefaultImage\" title=\"rovos_deluxe2\" \/><\/a><div class=\"caption-wrap\"><div class=\"caption\">Deluxe \u00e4r den n\u00e4st st\u00f6rsta kup\u00e9typen och \u00e4r 11 kvm. Det inneb\u00e4r 1\/3 vagn. Dessutom finns tv\u00e5 f\u00e5t\u00f6ljer och separat dusch. Foto: Rovos Rail<\/div><\/div><\/li>\n                <li style=\"display: none; width: 100%;\" class=\"slide-20024 ms-image \" aria-roledescription=\"slide\" data-date=\"2021-04-03 16:17:49\" data-filename=\"rovos_deluxe1-639x457.jpg\" data-slide-type=\"image\"><a href=\"https:\/\/www.upplevsydafrika.se\/wp-content\/uploads\/2021\/04\/rovos_deluxe1.jpg\" target=\"_self\" aria-label=\"View Slide Details\" class=\"metaslider_image_link\"><img loading=\"lazy\" decoding=\"async\" src=\"https:\/\/www.upplevsydafrika.se\/wp-content\/uploads\/2021\/04\/rovos_deluxe1-639x457.jpg\" height=\"500\" width=\"700\" alt=\"\" class=\"slider-20022 slide-20024 msDefaultImage\" title=\"rovos_deluxe1\" \/><\/a><div class=\"caption-wrap\"><div class=\"caption\">Deluxe \u00e4r den n\u00e4st st\u00f6rsta kup\u00e9typen och \u00e4r 11 kvm. Det inneb\u00e4r 1\/3 vagn. Dessutom finns tv\u00e5 f\u00e5t\u00f6ljer och separat dusch. Foto: Rovos Rail<\/div><\/div><\/li>\n            <\/ul>\n        <\/div>\n        \n    <\/div>\n<\/div><\/div>\n\n\n\n<h2 class=\"wp-block-heading\">Suite-categories: The Deluxe Suites<\/h2>\n\n\n\n<p>The Deluxe Suites 10 sq metres accommodate two passengers in either twin or double beds and have a lounge area and en-suite bathroom with shower. The wood-panelled rebuilt sleeper coaches, remodelled and refurbished to mint condition, offer every modern convenience and comfort. In the en-suite bathrooms, original fittings combine with the modern technology of hot showers, hair dryers and shaver plugs. <\/p>\n\n\n\n<p><strong>Price exampels:<\/strong> Pretoria to Cape Town in The Deluxe Sutie cost R39,500 per person sharing. Single supplement 50 % on all suites. Price to 30 September 2022. Tour price per person sharing includes: accommodation, meals and excursions as well as all beverages, including alcohol, while on board.<\/p>\n\n\n<div class=\"wp-block-lazyblock-upplevspacer lazyblock-upplevspacer-Zw9Bry\"><div class=\"upplev-spacer\">\n\t&nbsp;\n<\/div><\/div>\n\n\n<div class=\"alignnormal\"><div id=\"metaslider-id-20025\" style=\"width: 100%;\" class=\"ml-slider-3-108-0 metaslider metaslider-flex metaslider-20025 ml-slider ml-slider-lightbox-1-12-0 lightbox-disabled ms-theme-outline nav-hidden nav-hidden nav-hidden\" role=\"region\" aria-label=\"Rovos_Pullman\" data-height=\"500\" data-width=\"700\">\n    <div id=\"metaslider_container_20025\">\n        <div id=\"metaslider_20025\">\n            <ul class='slides'>\n                <li style=\"display: block; width: 100%;\" class=\"slide-20026 ms-image \" aria-roledescription=\"slide\" data-date=\"2021-04-03 16:18:30\" data-filename=\"rovos_pullman2-641x458.jpg\" data-slide-type=\"image\"><a href=\"https:\/\/www.upplevsydafrika.se\/wp-content\/uploads\/2021\/04\/rovos_pullman2.jpg\" target=\"_self\" aria-label=\"View Slide Details\" class=\"metaslider_image_link\"><img loading=\"lazy\" decoding=\"async\" src=\"https:\/\/www.upplevsydafrika.se\/wp-content\/uploads\/2021\/04\/rovos_pullman2-641x458.jpg\" height=\"500\" width=\"700\" alt=\"\" class=\"slider-20025 slide-20026 msDefaultImage\" title=\"rovos_pullman2\" \/><\/a><div class=\"caption-wrap\"><div class=\"caption\">Pullman \u00e4r den tredje st\u00f6rsta kup\u00e9typen med sina 7 kvm. S\u00e4ngen f\u00e4lls ihop till en sk\u00f6n soffa under dagen. Dessutom finns separat badrum med dusch. Foto: Rovos Rail<\/div><\/div><\/li>\n                <li style=\"display: none; width: 100%;\" class=\"slide-20027 ms-image \" aria-roledescription=\"slide\" data-date=\"2021-04-03 16:18:30\" data-filename=\"rovos_pullman1-648x463.jpg\" data-slide-type=\"image\"><a href=\"https:\/\/www.upplevsydafrika.se\/wp-content\/uploads\/2021\/04\/rovos_pullman1.jpg\" target=\"_self\" aria-label=\"View Slide Details\" class=\"metaslider_image_link\"><img loading=\"lazy\" decoding=\"async\" src=\"https:\/\/www.upplevsydafrika.se\/wp-content\/uploads\/2021\/04\/rovos_pullman1-648x463.jpg\" height=\"500\" width=\"700\" alt=\"\" class=\"slider-20025 slide-20027 msDefaultImage\" title=\"rovos_pullman1\" \/><\/a><div class=\"caption-wrap\"><div class=\"caption\">Pullman \u00e4r den tredje st\u00f6rsta kup\u00e9typen med sina 7 kvm. S\u00e4ngen f\u00e4lls ihop till en sk\u00f6n soffa under dagen. Dessutom finns separat badrum med dusch. Foto: Rovos Rail<\/div><\/div><\/li>\n            <\/ul>\n        <\/div>\n        \n    <\/div>\n<\/div><\/div>\n\n\n\n<h2 class=\"wp-block-heading\">Suite-categories: The Pullman Suites<\/h2>\n\n\n\n<p>The Pullman Suites, 7 sq metres are equipped with a comfortable sofa-seat during the day with a conversion to double or twin beds for the evening, and also have an en-suite bathroom with shower. The wood-panelled rebuilt sleeper coaches, remodelled and refurbished to mint condition, offer every modern convenience and comfort. In the en-suite bathrooms, original fittings combine with the modern technology of hot showers, hair dryers and shaver plugs.<\/p>\n\n\n\n<p><strong>Price exampels:<\/strong> Pretoria to Cape Town in The Pullman Sutie cost R26,500 per person sharing. Single supplement 50 % on all suites. Price to 30 September 2022. Tour price per person sharing includes: accommodation, meals and excursions as well as all beverages, including alcohol, while on board.<\/p>\n","protected":false},"excerpt":{"rendered":"<p>On board the five-star Rovos Rail, one can experience an luxury travel through the spectacular landscape from parts of Zimbabwe, Botswana and South Africa. Join a journey from Victoria Falls to Pretoria, 3 nights and 4 days. The journey begins at the historic Victoria Falls Hotel in Zimbabwe, at Rovos Rail&#8217;s lounge &#8211; with a&#8230;<\/p>\n","protected":false},"author":1,"featured_media":0,"parent":0,"menu_order":0,"comment_status":"closed","ping_status":"closed","template":"page-templates\/template-centbas.php","meta":{"_acf_changed":false,"om_disable_all_campaigns":false,"_monsterinsights_skip_tracking":false,"_monsterinsights_sitenote_active":false,"_monsterinsights_sitenote_note":"","_monsterinsights_sitenote_category":0,"footnotes":""},"class_list":["post-32974","page","type-page","status-publish","hentry"],"acf":[],"aioseo_notices":[],"_links":{"self":[{"href":"https:\/\/www.upplevsydafrika.se\/en\/wp-json\/wp\/v2\/pages\/32974","targetHints":{"allow":["GET"]}}],"collection":[{"href":"https:\/\/www.upplevsydafrika.se\/en\/wp-json\/wp\/v2\/pages"}],"about":[{"href":"https:\/\/www.upplevsydafrika.se\/en\/wp-json\/wp\/v2\/types\/page"}],"author":[{"embeddable":true,"href":"https:\/\/www.upplevsydafrika.se\/en\/wp-json\/wp\/v2\/users\/1"}],"replies":[{"embeddable":true,"href":"https:\/\/www.upplevsydafrika.se\/en\/wp-json\/wp\/v2\/comments?post=32974"}],"version-history":[{"count":20,"href":"https:\/\/www.upplevsydafrika.se\/en\/wp-json\/wp\/v2\/pages\/32974\/revisions"}],"predecessor-version":[{"id":62831,"href":"https:\/\/www.upplevsydafrika.se\/en\/wp-json\/wp\/v2\/pages\/32974\/revisions\/62831"}],"wp:attachment":[{"href":"https:\/\/www.upplevsydafrika.se\/en\/wp-json\/wp\/v2\/media?parent=32974"}],"curies":[{"name":"wp","href":"https:\/\/api.w.org\/{rel}","templated":true}]}}